{"id":392,"date":"2019-09-24T12:04:05","date_gmt":"2019-09-24T12:04:05","guid":{"rendered":"https:\/\/tcm-jaccard.ch\/?page_id=392"},"modified":"2025-11-12T10:38:17","modified_gmt":"2025-11-12T09:38:17","slug":"tarifs","status":"publish","type":"page","link":"https:\/\/tcm-jaccard.ch\/fr\/tarifs\/","title":{"rendered":"Tarifs et reconnaissance par l&rsquo;assurance maladie"},"content":{"rendered":"<h1 style=\"text-align: left;\">Tarifs et reconnaissance par l&rsquo;assurance maladie<\/h1>\n<p><strong>60 minutes CHF 144.\u2013<br \/>\n<\/strong><\/p>\n<p>Pour le premier rendez-vous, une heure et demie devrait \u00eatre pr\u00e9vue car l&rsquo;anamn\u00e8se prend un certain temps. La demi-heure suppl\u00e9mentaire est offerte.<\/p>\n<p><strong>Reconnaissance par l&rsquo;assurance compl\u00e9mentaire<\/strong><br \/>\nMon dipl\u00f4me est reconnu par l&rsquo;EMR (Medical Register of Experience, www.emr.ch). Cela signifie que mes prestations seront rembours\u00e9es par la plupart des assurances compl\u00e9mentaires. Vu qu&rsquo;il y a beaucoup de diff\u00e9rences entre les assurances, il est pr\u00e9f\u00e9rable avant le premier rendez-vous de vous informer au pr\u00e8s de votre assurance afin de savoir si oui et sous quelles conditions les traitements seraient rembours\u00e9s.<\/p>\n<p><strong>Est-ce que vous devez annuler und rendez-vous?<\/strong><br \/>\nSi vous m\u2019informez plus que 24 heure avant, vous pouvez annuler votre rendez-vous sans frais. Si c\u2019est moins que 24 heures, je me permets de vous facturer 50% de la consultation.<br \/>\nUne exception\u00a0sont les rendez-vous en lien avec un accouchement.<\/p>\n","protected":false},"excerpt":{"rendered":"<p>Tarifs et reconnaissance par l&rsquo;assurance maladie 60 minutes CHF 144.\u2013 Pour le premier rendez-vous, une heure et demie devrait \u00eatre pr\u00e9vue car l&rsquo;anamn\u00e8se prend un certain temps. La demi-heure suppl\u00e9mentaire est offerte. Reconnaissance par l&rsquo;assurance compl\u00e9mentaire Mon dipl\u00f4me est reconnu par l&rsquo;EMR (Medical Register of Experience, www.emr.ch). Cela signifie que mes prestations seront rembours\u00e9es par [&hellip;]<\/p>\n","protected":false},"author":1,"featured_media":0,"parent":0,"menu_order":5,"comment_status":"closed","ping_status":"closed","template":"","meta":{"ocean_post_layout":"","ocean_both_sidebars_style":"","ocean_both_sidebars_content_width":0,"ocean_both_sidebars_sidebars_width":0,"ocean_sidebar":"0","ocean_second_sidebar":"0","ocean_disable_margins":"enable","ocean_add_body_class":"","ocean_shortcode_before_top_bar":"","ocean_shortcode_after_top_bar":"","ocean_shortcode_before_header":"","ocean_shortcode_after_header":"","ocean_has_shortcode":"","ocean_shortcode_after_title":"","ocean_shortcode_before_footer_widgets":"","ocean_shortcode_after_footer_widgets":"","ocean_shortcode_before_footer_bottom":"","ocean_shortcode_after_footer_bottom":"","ocean_display_top_bar":"default","ocean_display_header":"default","ocean_header_style":"","ocean_center_header_left_menu":"0","ocean_custom_header_template":"0","ocean_custom_logo":0,"ocean_custom_retina_logo":0,"ocean_custom_logo_max_width":0,"ocean_custom_logo_tablet_max_width":0,"ocean_custom_logo_mobile_max_width":0,"ocean_custom_logo_max_height":0,"ocean_custom_logo_tablet_max_height":0,"ocean_custom_logo_mobile_max_height":0,"ocean_header_custom_menu":"0","ocean_menu_typo_font_family":"0","ocean_menu_typo_font_subset":"","ocean_menu_typo_font_size":0,"ocean_menu_typo_font_size_tablet":0,"ocean_menu_typo_font_size_mobile":0,"ocean_menu_typo_font_size_unit":"px","ocean_menu_typo_font_weight":"","ocean_menu_typo_font_weight_tablet":"","ocean_menu_typo_font_weight_mobile":"","ocean_menu_typo_transform":"","ocean_menu_typo_transform_tablet":"","ocean_menu_typo_transform_mobile":"","ocean_menu_typo_line_height":0,"ocean_menu_typo_line_height_tablet":0,"ocean_menu_typo_line_height_mobile":0,"ocean_menu_typo_line_height_unit":"","ocean_menu_typo_spacing":0,"ocean_menu_typo_spacing_tablet":0,"ocean_menu_typo_spacing_mobile":0,"ocean_menu_typo_spacing_unit":"","ocean_menu_link_color":"","ocean_menu_link_color_hover":"","ocean_menu_link_color_active":"","ocean_menu_link_background":"","ocean_menu_link_hover_background":"","ocean_menu_link_active_background":"","ocean_menu_social_links_bg":"","ocean_menu_social_hover_links_bg":"","ocean_menu_social_links_color":"","ocean_menu_social_hover_links_color":"","ocean_disable_title":"default","ocean_disable_heading":"default","ocean_post_title":"","ocean_post_subheading":"","ocean_post_title_style":"","ocean_post_title_background_color":"","ocean_post_title_background":0,"ocean_post_title_bg_image_position":"","ocean_post_title_bg_image_attachment":"","ocean_post_title_bg_image_repeat":"","ocean_post_title_bg_image_size":"","ocean_post_title_height":0,"ocean_post_title_bg_overlay":0.5,"ocean_post_title_bg_overlay_color":"","ocean_disable_breadcrumbs":"default","ocean_breadcrumbs_color":"","ocean_breadcrumbs_separator_color":"","ocean_breadcrumbs_links_color":"","ocean_breadcrumbs_links_hover_color":"","ocean_display_footer_widgets":"default","ocean_display_footer_bottom":"default","ocean_custom_footer_template":"0","footnotes":""},"class_list":["post-392","page","type-page","status-publish","hentry","entry"],"_links":{"self":[{"href":"https:\/\/tcm-jaccard.ch\/fr\/wp-json\/wp\/v2\/pages\/392","targetHints":{"allow":["GET"]}}],"collection":[{"href":"https:\/\/tcm-jaccard.ch\/fr\/wp-json\/wp\/v2\/pages"}],"about":[{"href":"https:\/\/tcm-jaccard.ch\/fr\/wp-json\/wp\/v2\/types\/page"}],"author":[{"embeddable":true,"href":"https:\/\/tcm-jaccard.ch\/fr\/wp-json\/wp\/v2\/users\/1"}],"replies":[{"embeddable":true,"href":"https:\/\/tcm-jaccard.ch\/fr\/wp-json\/wp\/v2\/comments?post=392"}],"version-history":[{"count":1,"href":"https:\/\/tcm-jaccard.ch\/fr\/wp-json\/wp\/v2\/pages\/392\/revisions"}],"predecessor-version":[{"id":703,"href":"https:\/\/tcm-jaccard.ch\/fr\/wp-json\/wp\/v2\/pages\/392\/revisions\/703"}],"wp:attachment":[{"href":"https:\/\/tcm-jaccard.ch\/fr\/wp-json\/wp\/v2\/media?parent=392"}],"curies":[{"name":"wp","href":"https:\/\/api.w.org\/{rel}","templated":true}]}}