{"id":387,"date":"2019-09-24T12:01:45","date_gmt":"2019-09-24T12:01:45","guid":{"rendered":"https:\/\/tcm-jaccard.ch\/?page_id=387"},"modified":"2025-11-12T10:41:51","modified_gmt":"2025-11-12T09:41:51","slug":"a-mon-propos","status":"publish","type":"page","link":"https:\/\/tcm-jaccard.ch\/fr\/a-mon-propos\/","title":{"rendered":"A mon propos"},"content":{"rendered":"<h1>A mon propos<img loading=\"lazy\" decoding=\"async\" class=\"wp-image-376 alignright\" src=\"https:\/\/tcm-jaccard.ch\/wp-content\/uploads\/2025\/11\/25.11.06-Portrait-rund.jpg\" alt=\"TCM Madeleine Jaccard, Akupunktur &amp; Tuina Bern, www.tcm-jaccard.ch\" width=\"177\" height=\"177\" \/><\/h1>\n<p><strong>Une relation aimante avec nous-m\u00eames et avec les autres me semble la clef pour un plus grand bien-\u00eatre.<\/strong><\/p>\n<p>Pendant de nombreuses ann\u00e9es, j&rsquo;ai travaill\u00e9 dans le domaine de l&rsquo;art, \u00e0 pr\u00e9sent, j&rsquo;aimerais donner de l&rsquo;espace \u00e0 un autre sujet qui me tient \u00e0 c\u0153ur: l&rsquo;homme et son bien-\u00eatre.<\/p>\n<p>D\u00e9j\u00e0, dans mon travail artistique, la nature \u00e9tait ma plus grande source d\u2019inspiration. L&rsquo;homme fait partie int\u00e9grante de la nature. C\u2019est pour cette raison, que j&rsquo;ai opt\u00e9 pour une formation de naturopathe sp\u00e9cialis\u00e9e en m\u00e9decine chinoise.<\/p>\n<p>Chaque fois que jai la possibilit\u00e9 de voir les effets positifs de l&rsquo;acupuncture ou du Tuina, je suis s\u00fbre d&rsquo;avoir choisi la bonne voie.<\/p>\n<hr \/>\n<h3>Biographie<\/h3>\n<ul>\n<li>2024-2025: formation en Bazi Suanming, Astrologie chinoise<\/li>\n<li>En 2022 j&rsquo;ai pass\u00e9 l&rsquo;examen pour devenir \u00ab\u00a0Naturopathe avec dipl\u00f4me f\u00e9d\u00e9ral en M\u00e9decine traditionnelle chinoise MTC\u00a0\u00bb<\/li>\n<li>depuis 2019: Travail en tant que dipl. th\u00e9rapeute MTC<\/li>\n<li>2019: formation continue en acupuncture cr\u00e2nienne<\/li>\n<li>2019: formation pour devenir Mycoth\u00e9rapeute dipl\u00f4m\u00e9<\/li>\n<li>2017: stage d\u2019acupuncture \u00e0 l\u2019h\u00f4pital national de m\u00e9decine traditionnelle, Hanoi, Vietnam.<\/li>\n<li>2016\u20132018: trois \u00e9t\u00e9 \u00e0 l\u2019ape en tant que berg\u00e8re et fromag\u00e8re sur l\u2019Alp Gspon\/V<\/li>\n<li>2014\u20132018: Formation de th\u00e9rapeute en m\u00e9decine chinoise sp\u00e9cialis\u00e9e en Tuina (2017) et en acupuncture (2018).<\/li>\n<li>depuis 2001: ind\u00e9pendante en tant qu\u2019artiste et graphiste. Nombreuses expositions et publications.<\/li>\n<li>2000: dipl\u00f4me d\u2019enseignante en dessin, en l\u2019histoire de l\u2019art et en travaux manuels \u00e0 l\u2019\u00c9cole d\u2019Art de B\u00e2le.<\/li>\n<\/ul>\n","protected":false},"excerpt":{"rendered":"<p>A mon propos Une relation aimante avec nous-m\u00eames et avec les autres me semble la clef pour un plus grand bien-\u00eatre. Pendant de nombreuses ann\u00e9es, j&rsquo;ai travaill\u00e9 dans le domaine de l&rsquo;art, \u00e0 pr\u00e9sent, j&rsquo;aimerais donner de l&rsquo;espace \u00e0 un autre sujet qui me tient \u00e0 c\u0153ur: l&rsquo;homme et son bien-\u00eatre. D\u00e9j\u00e0, dans mon travail [&hellip;]<\/p>\n","protected":false},"author":1,"featured_media":0,"parent":0,"menu_order":4,"comment_status":"closed","ping_status":"closed","template":"","meta":{"ocean_post_layout":"","ocean_both_sidebars_style":"","ocean_both_sidebars_content_width":0,"ocean_both_sidebars_sidebars_width":0,"ocean_sidebar":"0","ocean_second_sidebar":"0","ocean_disable_margins":"enable","ocean_add_body_class":"","ocean_shortcode_before_top_bar":"","ocean_shortcode_after_top_bar":"","ocean_shortcode_before_header":"","ocean_shortcode_after_header":"","ocean_has_shortcode":"","ocean_shortcode_after_title":"","ocean_shortcode_before_footer_widgets":"","ocean_shortcode_after_footer_widgets":"","ocean_shortcode_before_footer_bottom":"","ocean_shortcode_after_footer_bottom":"","ocean_display_top_bar":"default","ocean_display_header":"default","ocean_header_style":"","ocean_center_header_left_menu":"0","ocean_custom_header_template":"0","ocean_custom_logo":0,"ocean_custom_retina_logo":0,"ocean_custom_logo_max_width":0,"ocean_custom_logo_tablet_max_width":0,"ocean_custom_logo_mobile_max_width":0,"ocean_custom_logo_max_height":0,"ocean_custom_logo_tablet_max_height":0,"ocean_custom_logo_mobile_max_height":0,"ocean_header_custom_menu":"0","ocean_menu_typo_font_family":"0","ocean_menu_typo_font_subset":"","ocean_menu_typo_font_size":0,"ocean_menu_typo_font_size_tablet":0,"ocean_menu_typo_font_size_mobile":0,"ocean_menu_typo_font_size_unit":"px","ocean_menu_typo_font_weight":"","ocean_menu_typo_font_weight_tablet":"","ocean_menu_typo_font_weight_mobile":"","ocean_menu_typo_transform":"","ocean_menu_typo_transform_tablet":"","ocean_menu_typo_transform_mobile":"","ocean_menu_typo_line_height":0,"ocean_menu_typo_line_height_tablet":0,"ocean_menu_typo_line_height_mobile":0,"ocean_menu_typo_line_height_unit":"","ocean_menu_typo_spacing":0,"ocean_menu_typo_spacing_tablet":0,"ocean_menu_typo_spacing_mobile":0,"ocean_menu_typo_spacing_unit":"","ocean_menu_link_color":"","ocean_menu_link_color_hover":"","ocean_menu_link_color_active":"","ocean_menu_link_background":"","ocean_menu_link_hover_background":"","ocean_menu_link_active_background":"","ocean_menu_social_links_bg":"","ocean_menu_social_hover_links_bg":"","ocean_menu_social_links_color":"","ocean_menu_social_hover_links_color":"","ocean_disable_title":"default","ocean_disable_heading":"default","ocean_post_title":"","ocean_post_subheading":"","ocean_post_title_style":"","ocean_post_title_background_color":"","ocean_post_title_background":0,"ocean_post_title_bg_image_position":"","ocean_post_title_bg_image_attachment":"","ocean_post_title_bg_image_repeat":"","ocean_post_title_bg_image_size":"","ocean_post_title_height":0,"ocean_post_title_bg_overlay":0.5,"ocean_post_title_bg_overlay_color":"","ocean_disable_breadcrumbs":"default","ocean_breadcrumbs_color":"","ocean_breadcrumbs_separator_color":"","ocean_breadcrumbs_links_color":"","ocean_breadcrumbs_links_hover_color":"","ocean_display_footer_widgets":"default","ocean_display_footer_bottom":"default","ocean_custom_footer_template":"0","footnotes":""},"class_list":["post-387","page","type-page","status-publish","hentry","entry"],"_links":{"self":[{"href":"https:\/\/tcm-jaccard.ch\/fr\/wp-json\/wp\/v2\/pages\/387","targetHints":{"allow":["GET"]}}],"collection":[{"href":"https:\/\/tcm-jaccard.ch\/fr\/wp-json\/wp\/v2\/pages"}],"about":[{"href":"https:\/\/tcm-jaccard.ch\/fr\/wp-json\/wp\/v2\/types\/page"}],"author":[{"embeddable":true,"href":"https:\/\/tcm-jaccard.ch\/fr\/wp-json\/wp\/v2\/users\/1"}],"replies":[{"embeddable":true,"href":"https:\/\/tcm-jaccard.ch\/fr\/wp-json\/wp\/v2\/comments?post=387"}],"version-history":[{"count":3,"href":"https:\/\/tcm-jaccard.ch\/fr\/wp-json\/wp\/v2\/pages\/387\/revisions"}],"predecessor-version":[{"id":2347,"href":"https:\/\/tcm-jaccard.ch\/fr\/wp-json\/wp\/v2\/pages\/387\/revisions\/2347"}],"wp:attachment":[{"href":"https:\/\/tcm-jaccard.ch\/fr\/wp-json\/wp\/v2\/media?parent=387"}],"curies":[{"name":"wp","href":"https:\/\/api.w.org\/{rel}","templated":true}]}}