{"id":384,"date":"2019-09-24T11:59:47","date_gmt":"2019-09-24T11:59:47","guid":{"rendered":"https:\/\/tcm-jaccard.ch\/?page_id=384"},"modified":"2019-09-24T11:59:47","modified_gmt":"2019-09-24T11:59:47","slug":"indications","status":"publish","type":"page","link":"https:\/\/tcm-jaccard.ch\/fr\/indications\/","title":{"rendered":"Indications"},"content":{"rendered":"<h1>Indications<\/h1>\n<p>L\u2019Organisation mondiale de la sant\u00e9 (OMS) reconna\u00eet la m\u00e9decine traditionnelle chinoise (MTC) en tant que syst\u00e8me de gu\u00e9rison efficace. La liste suivante de l\u2019OMS comprend une s\u00e9lection d&rsquo;indications pouvant \u00eatre trait\u00e9es efficacement avec la m\u00e9decine traditionnelle chinoise.<\/p>\n<h2>Maladies orthop\u00e9diques<\/h2>\n<p>Par ex., arthrite, arthrose, rhumatismes, maux de dos chroniques.<\/p>\n<h2>Maladies des voies respiratoires<\/h2>\n<p>Par ex., asthme, bronchite chronique, sinusite frontale et maxillaire.<\/p>\n<h2>Allergies et maladies de la peau<\/h2>\n<p>Par ex., ecz\u00e9ma, n\u00e9vrodermite, psoriasis, zona, troubles de la cicatrisation des plaies, rhume des foins.<\/p>\n<h2>Maladies du tube digestif<\/h2>\n<p>Par ex., estomac acidifi\u00e9, inflammation de la muqueuse gastrique, constipation et diarrh\u00e9e.<\/p>\n<h2>Gyn\u00e9cologie<\/h2>\n<p>Par ex., troubles menstruels et de grossesse, troubles de la fertilit\u00e9.<\/p>\n<h2>Maladies urologiques<\/h2>\n<p>Par ex., cystite, prostatite, incontinence.<\/p>\n<h2>Maladies internes<\/h2>\n<p>Par ex., tension art\u00e9rielle \u00e9lev\u00e9e ou basse, diab\u00e8te, an\u00e9mie, ob\u00e9sit\u00e9.<\/p>\n<h2>Troubles du syst\u00e8me immunitaire<\/h2>\n<p>Par ex., susceptibilit\u00e9 aux maladies infectieuses et au rhume.<\/p>\n<h2>Maladies psychosomatiques<\/h2>\n<p>Par ex., troubles du sommeil, troubles d&rsquo;anxi\u00e9t\u00e9 et de stress, d\u00e9pression l\u00e9g\u00e8re.<\/p>\n","protected":false},"excerpt":{"rendered":"<p>Indications L\u2019Organisation mondiale de la sant\u00e9 (OMS) reconna\u00eet la m\u00e9decine traditionnelle chinoise (MTC) en tant que syst\u00e8me de gu\u00e9rison efficace. La liste suivante de l\u2019OMS comprend une s\u00e9lection d&rsquo;indications pouvant \u00eatre trait\u00e9es efficacement avec la m\u00e9decine traditionnelle chinoise. Maladies orthop\u00e9diques Par ex., arthrite, arthrose, rhumatismes, maux de dos chroniques. Maladies des voies respiratoires Par ex., [&hellip;]<\/p>\n","protected":false},"author":1,"featured_media":0,"parent":0,"menu_order":3,"comment_status":"closed","ping_status":"closed","template":"","meta":{"ocean_post_layout":"","ocean_both_sidebars_style":"","ocean_both_sidebars_content_width":0,"ocean_both_sidebars_sidebars_width":0,"ocean_sidebar":"","ocean_second_sidebar":"","ocean_disable_margins":"enable","ocean_add_body_class":"","ocean_shortcode_before_top_bar":"","ocean_shortcode_after_top_bar":"","ocean_shortcode_before_header":"","ocean_shortcode_after_header":"","ocean_has_shortcode":"","ocean_shortcode_after_title":"","ocean_shortcode_before_footer_widgets":"","ocean_shortcode_after_footer_widgets":"","ocean_shortcode_before_footer_bottom":"","ocean_shortcode_after_footer_bottom":"","ocean_display_top_bar":"default","ocean_display_header":"default","ocean_header_style":"","ocean_center_header_left_menu":"","ocean_custom_header_template":"","ocean_custom_logo":0,"ocean_custom_retina_logo":0,"ocean_custom_logo_max_width":0,"ocean_custom_logo_tablet_max_width":0,"ocean_custom_logo_mobile_max_width":0,"ocean_custom_logo_max_height":0,"ocean_custom_logo_tablet_max_height":0,"ocean_custom_logo_mobile_max_height":0,"ocean_header_custom_menu":"","ocean_menu_typo_font_family":"","ocean_menu_typo_font_subset":"","ocean_menu_typo_font_size":0,"ocean_menu_typo_font_size_tablet":0,"ocean_menu_typo_font_size_mobile":0,"ocean_menu_typo_font_size_unit":"px","ocean_menu_typo_font_weight":"","ocean_menu_typo_font_weight_tablet":"","ocean_menu_typo_font_weight_mobile":"","ocean_menu_typo_transform":"","ocean_menu_typo_transform_tablet":"","ocean_menu_typo_transform_mobile":"","ocean_menu_typo_line_height":0,"ocean_menu_typo_line_height_tablet":0,"ocean_menu_typo_line_height_mobile":0,"ocean_menu_typo_line_height_unit":"","ocean_menu_typo_spacing":0,"ocean_menu_typo_spacing_tablet":0,"ocean_menu_typo_spacing_mobile":0,"ocean_menu_typo_spacing_unit":"","ocean_menu_link_color":"","ocean_menu_link_color_hover":"","ocean_menu_link_color_active":"","ocean_menu_link_background":"","ocean_menu_link_hover_background":"","ocean_menu_link_active_background":"","ocean_menu_social_links_bg":"","ocean_menu_social_hover_links_bg":"","ocean_menu_social_links_color":"","ocean_menu_social_hover_links_color":"","ocean_disable_title":"default","ocean_disable_heading":"default","ocean_post_title":"","ocean_post_subheading":"","ocean_post_title_style":"","ocean_post_title_background_color":"","ocean_post_title_background":0,"ocean_post_title_bg_image_position":"","ocean_post_title_bg_image_attachment":"","ocean_post_title_bg_image_repeat":"","ocean_post_title_bg_image_size":"","ocean_post_title_height":0,"ocean_post_title_bg_overlay":0.5,"ocean_post_title_bg_overlay_color":"","ocean_disable_breadcrumbs":"default","ocean_breadcrumbs_color":"","ocean_breadcrumbs_separator_color":"","ocean_breadcrumbs_links_color":"","ocean_breadcrumbs_links_hover_color":"","ocean_display_footer_widgets":"default","ocean_display_footer_bottom":"default","ocean_custom_footer_template":"","footnotes":""},"class_list":["post-384","page","type-page","status-publish","hentry","entry"],"_links":{"self":[{"href":"https:\/\/tcm-jaccard.ch\/fr\/wp-json\/wp\/v2\/pages\/384","targetHints":{"allow":["GET"]}}],"collection":[{"href":"https:\/\/tcm-jaccard.ch\/fr\/wp-json\/wp\/v2\/pages"}],"about":[{"href":"https:\/\/tcm-jaccard.ch\/fr\/wp-json\/wp\/v2\/types\/page"}],"author":[{"embeddable":true,"href":"https:\/\/tcm-jaccard.ch\/fr\/wp-json\/wp\/v2\/users\/1"}],"replies":[{"embeddable":true,"href":"https:\/\/tcm-jaccard.ch\/fr\/wp-json\/wp\/v2\/comments?post=384"}],"version-history":[{"count":0,"href":"https:\/\/tcm-jaccard.ch\/fr\/wp-json\/wp\/v2\/pages\/384\/revisions"}],"wp:attachment":[{"href":"https:\/\/tcm-jaccard.ch\/fr\/wp-json\/wp\/v2\/media?parent=384"}],"curies":[{"name":"wp","href":"https:\/\/api.w.org\/{rel}","templated":true}]}}