{"id":380,"date":"2019-09-24T11:57:02","date_gmt":"2019-09-24T11:57:02","guid":{"rendered":"https:\/\/tcm-jaccard.ch\/?page_id=380"},"modified":"2019-09-24T12:43:11","modified_gmt":"2019-09-24T12:43:11","slug":"qu-est-ce-que-la-mtc","status":"publish","type":"page","link":"https:\/\/tcm-jaccard.ch\/fr\/qu-est-ce-que-la-mtc\/","title":{"rendered":"Qu\u2019est-ce que la MTC?"},"content":{"rendered":"<h1>Qu\u2019est-ce que la MTC?<\/h1>\n<p><strong>MTC est l&rsquo;abr\u00e9viation de M\u00e9decine Traditionnelle Chinoise. <\/strong><\/p>\n<p>Les origines de la m\u00e9decine chinoise remontent \u00e0 plus de mille ans avant notre \u00e8re. La MTC se d\u00e9veloppe et se transforme depuis sa cr\u00e9ation.<\/p>\n<p>Dans sa forme actuelle, elle conna\u00eet diff\u00e9rentes m\u00e9thodes de traitement, l&rsquo;<em>acupuncture<\/em> est probablement la plus connue. Certains points situ\u00e9s sur les soi-disant m\u00e9ridiens ou vaisseaux d\u2019\u00e9nergie sont stimul\u00e9s par de fines aiguilles. Les points et les m\u00e9ridiens peuvent \u00e9galement \u00eatre trait\u00e9s par diff\u00e9rentes techniques manuelles. Cette forme de massage s&rsquo;appelle <em>Tuina<\/em> ou <em>Anmo<\/em>.<br \/>\nD&rsquo;autres techniques coexistent, comme la <em>moxstibution<\/em> (les points sont chauff\u00e9s) ou la <em>pose de ventouse<\/em>, connue dans la m\u00e9decine traditionnelle europ\u00e9enne.<\/p>\n<p>Il existe aussi des <em>traitements \u00e0 base d&rsquo;herbes m\u00e9dicinales<\/em>. La di\u00e9t\u00e9tique et le mode de vie jouent \u00e9galement un r\u00f4le important.<\/p>\n<p>Les exercices tels que le<em> Qi Gong<\/em> et le <em>Taijiquan<\/em>, ainsi que la <em>m\u00e9ditation<\/em> sont \u00e9galement des moyens pour maintenir ou r\u00e9tablir la sant\u00e9.<\/p>\n<p>La m\u00e9decine chinoise ma convaincue, parce qu&rsquo;elle consid\u00e8re l&rsquo;\u00eatre humain dans son int\u00e9gralit\u00e9. Avec son corps, ses \u00e9motions et son esprit et qu&rsquo;elle prend en compte sa relation avec son environnement.<\/p>\n","protected":false},"excerpt":{"rendered":"<p>Qu\u2019est-ce que la MTC? MTC est l&rsquo;abr\u00e9viation de M\u00e9decine Traditionnelle Chinoise. Les origines de la m\u00e9decine chinoise remontent \u00e0 plus de mille ans avant notre \u00e8re. La MTC se d\u00e9veloppe et se transforme depuis sa cr\u00e9ation. Dans sa forme actuelle, elle conna\u00eet diff\u00e9rentes m\u00e9thodes de traitement, l&rsquo;acupuncture est probablement la plus connue. Certains points situ\u00e9s [&hellip;]<\/p>\n","protected":false},"author":1,"featured_media":0,"parent":0,"menu_order":2,"comment_status":"closed","ping_status":"closed","template":"","meta":{"ocean_post_layout":"","ocean_both_sidebars_style":"","ocean_both_sidebars_content_width":0,"ocean_both_sidebars_sidebars_width":0,"ocean_sidebar":"","ocean_second_sidebar":"","ocean_disable_margins":"enable","ocean_add_body_class":"","ocean_shortcode_before_top_bar":"","ocean_shortcode_after_top_bar":"","ocean_shortcode_before_header":"","ocean_shortcode_after_header":"","ocean_has_shortcode":"","ocean_shortcode_after_title":"","ocean_shortcode_before_footer_widgets":"","ocean_shortcode_after_footer_widgets":"","ocean_shortcode_before_footer_bottom":"","ocean_shortcode_after_footer_bottom":"","ocean_display_top_bar":"default","ocean_display_header":"default","ocean_header_style":"","ocean_center_header_left_menu":"","ocean_custom_header_template":"","ocean_custom_logo":0,"ocean_custom_retina_logo":0,"ocean_custom_logo_max_width":0,"ocean_custom_logo_tablet_max_width":0,"ocean_custom_logo_mobile_max_width":0,"ocean_custom_logo_max_height":0,"ocean_custom_logo_tablet_max_height":0,"ocean_custom_logo_mobile_max_height":0,"ocean_header_custom_menu":"","ocean_menu_typo_font_family":"","ocean_menu_typo_font_subset":"","ocean_menu_typo_font_size":0,"ocean_menu_typo_font_size_tablet":0,"ocean_menu_typo_font_size_mobile":0,"ocean_menu_typo_font_size_unit":"px","ocean_menu_typo_font_weight":"","ocean_menu_typo_font_weight_tablet":"","ocean_menu_typo_font_weight_mobile":"","ocean_menu_typo_transform":"","ocean_menu_typo_transform_tablet":"","ocean_menu_typo_transform_mobile":"","ocean_menu_typo_line_height":0,"ocean_menu_typo_line_height_tablet":0,"ocean_menu_typo_line_height_mobile":0,"ocean_menu_typo_line_height_unit":"","ocean_menu_typo_spacing":0,"ocean_menu_typo_spacing_tablet":0,"ocean_menu_typo_spacing_mobile":0,"ocean_menu_typo_spacing_unit":"","ocean_menu_link_color":"","ocean_menu_link_color_hover":"","ocean_menu_link_color_active":"","ocean_menu_link_background":"","ocean_menu_link_hover_background":"","ocean_menu_link_active_background":"","ocean_menu_social_links_bg":"","ocean_menu_social_hover_links_bg":"","ocean_menu_social_links_color":"","ocean_menu_social_hover_links_color":"","ocean_disable_title":"default","ocean_disable_heading":"default","ocean_post_title":"","ocean_post_subheading":"","ocean_post_title_style":"","ocean_post_title_background_color":"","ocean_post_title_background":0,"ocean_post_title_bg_image_position":"","ocean_post_title_bg_image_attachment":"","ocean_post_title_bg_image_repeat":"","ocean_post_title_bg_image_size":"","ocean_post_title_height":0,"ocean_post_title_bg_overlay":0.5,"ocean_post_title_bg_overlay_color":"","ocean_disable_breadcrumbs":"default","ocean_breadcrumbs_color":"","ocean_breadcrumbs_separator_color":"","ocean_breadcrumbs_links_color":"","ocean_breadcrumbs_links_hover_color":"","ocean_display_footer_widgets":"default","ocean_display_footer_bottom":"default","ocean_custom_footer_template":"","footnotes":""},"class_list":["post-380","page","type-page","status-publish","hentry","entry"],"_links":{"self":[{"href":"https:\/\/tcm-jaccard.ch\/fr\/wp-json\/wp\/v2\/pages\/380","targetHints":{"allow":["GET"]}}],"collection":[{"href":"https:\/\/tcm-jaccard.ch\/fr\/wp-json\/wp\/v2\/pages"}],"about":[{"href":"https:\/\/tcm-jaccard.ch\/fr\/wp-json\/wp\/v2\/types\/page"}],"author":[{"embeddable":true,"href":"https:\/\/tcm-jaccard.ch\/fr\/wp-json\/wp\/v2\/users\/1"}],"replies":[{"embeddable":true,"href":"https:\/\/tcm-jaccard.ch\/fr\/wp-json\/wp\/v2\/comments?post=380"}],"version-history":[{"count":0,"href":"https:\/\/tcm-jaccard.ch\/fr\/wp-json\/wp\/v2\/pages\/380\/revisions"}],"wp:attachment":[{"href":"https:\/\/tcm-jaccard.ch\/fr\/wp-json\/wp\/v2\/media?parent=380"}],"curies":[{"name":"wp","href":"https:\/\/api.w.org\/{rel}","templated":true}]}}