{"id":377,"date":"2019-09-24T11:44:02","date_gmt":"2019-09-24T11:44:02","guid":{"rendered":"https:\/\/tcm-jaccard.ch\/?page_id=377"},"modified":"2019-09-24T12:02:24","modified_gmt":"2019-09-24T12:02:24","slug":"guten-tag","status":"publish","type":"page","link":"https:\/\/tcm-jaccard.ch\/fr\/","title":{"rendered":"Bonjour"},"content":{"rendered":"<h1 style=\"text-align: left;\">Bonjour<\/h1>\n<p style=\"text-align: left;\"><strong>L\u2019\u00eatre humain est un \u00eatre complexe qui marche entre ciel et terre, depuis hier jusqu\u2019\u00e0 demain, (du pass\u00e9 au futur).<\/strong><\/p>\n<p>Dans la M\u00e9decine Traditionnelle Chinoise (MTC), j&rsquo;ai trouv\u00e9 un syst\u00e8me qui tente d&rsquo;expliquer les interactions entre notre int\u00e9rieur et ce qui nous entoure, entre nos \u00e9motions, notre esprit et notre corps. Cette mani\u00e8re d&rsquo;expliquer les choses me semble tr\u00e8s coh\u00e9rente. Voir comment ce syst\u00e8me, vieux de plusieurs mill\u00e9naires est toujours efficace de nos jours et peut soulager des maux me remplit de joie et de gratitude.<\/p>\n","protected":false},"excerpt":{"rendered":"<p>Bonjour L\u2019\u00eatre humain est un \u00eatre complexe qui marche entre ciel et terre, depuis hier jusqu\u2019\u00e0 demain, (du pass\u00e9 au futur). Dans la M\u00e9decine Traditionnelle Chinoise (MTC), j&rsquo;ai trouv\u00e9 un syst\u00e8me qui tente d&rsquo;expliquer les interactions entre notre int\u00e9rieur et ce qui nous entoure, entre nos \u00e9motions, notre esprit et notre corps. Cette mani\u00e8re d&rsquo;expliquer [&hellip;]<\/p>\n","protected":false},"author":1,"featured_media":0,"parent":0,"menu_order":1,"comment_status":"closed","ping_status":"closed","template":"","meta":{"ocean_post_layout":"","ocean_both_sidebars_style":"","ocean_both_sidebars_content_width":0,"ocean_both_sidebars_sidebars_width":0,"ocean_sidebar":"","ocean_second_sidebar":"","ocean_disable_margins":"enable","ocean_add_body_class":"","ocean_shortcode_before_top_bar":"","ocean_shortcode_after_top_bar":"","ocean_shortcode_before_header":"","ocean_shortcode_after_header":"","ocean_has_shortcode":"","ocean_shortcode_after_title":"","ocean_shortcode_before_footer_widgets":"","ocean_shortcode_after_footer_widgets":"","ocean_shortcode_before_footer_bottom":"","ocean_shortcode_after_footer_bottom":"","ocean_display_top_bar":"default","ocean_display_header":"default","ocean_header_style":"","ocean_center_header_left_menu":"","ocean_custom_header_template":"","ocean_custom_logo":0,"ocean_custom_retina_logo":0,"ocean_custom_logo_max_width":0,"ocean_custom_logo_tablet_max_width":0,"ocean_custom_logo_mobile_max_width":0,"ocean_custom_logo_max_height":0,"ocean_custom_logo_tablet_max_height":0,"ocean_custom_logo_mobile_max_height":0,"ocean_header_custom_menu":"","ocean_menu_typo_font_family":"","ocean_menu_typo_font_subset":"","ocean_menu_typo_font_size":0,"ocean_menu_typo_font_size_tablet":0,"ocean_menu_typo_font_size_mobile":0,"ocean_menu_typo_font_size_unit":"px","ocean_menu_typo_font_weight":"","ocean_menu_typo_font_weight_tablet":"","ocean_menu_typo_font_weight_mobile":"","ocean_menu_typo_transform":"","ocean_menu_typo_transform_tablet":"","ocean_menu_typo_transform_mobile":"","ocean_menu_typo_line_height":0,"ocean_menu_typo_line_height_tablet":0,"ocean_menu_typo_line_height_mobile":0,"ocean_menu_typo_line_height_unit":"","ocean_menu_typo_spacing":0,"ocean_menu_typo_spacing_tablet":0,"ocean_menu_typo_spacing_mobile":0,"ocean_menu_typo_spacing_unit":"","ocean_menu_link_color":"","ocean_menu_link_color_hover":"","ocean_menu_link_color_active":"","ocean_menu_link_background":"","ocean_menu_link_hover_background":"","ocean_menu_link_active_background":"","ocean_menu_social_links_bg":"","ocean_menu_social_hover_links_bg":"","ocean_menu_social_links_color":"","ocean_menu_social_hover_links_color":"","ocean_disable_title":"default","ocean_disable_heading":"default","ocean_post_title":"","ocean_post_subheading":"","ocean_post_title_style":"","ocean_post_title_background_color":"","ocean_post_title_background":0,"ocean_post_title_bg_image_position":"","ocean_post_title_bg_image_attachment":"","ocean_post_title_bg_image_repeat":"","ocean_post_title_bg_image_size":"","ocean_post_title_height":0,"ocean_post_title_bg_overlay":0.5,"ocean_post_title_bg_overlay_color":"","ocean_disable_breadcrumbs":"default","ocean_breadcrumbs_color":"","ocean_breadcrumbs_separator_color":"","ocean_breadcrumbs_links_color":"","ocean_breadcrumbs_links_hover_color":"","ocean_display_footer_widgets":"default","ocean_display_footer_bottom":"default","ocean_custom_footer_template":"","footnotes":""},"class_list":["post-377","page","type-page","status-publish","hentry","entry"],"_links":{"self":[{"href":"https:\/\/tcm-jaccard.ch\/fr\/wp-json\/wp\/v2\/pages\/377","targetHints":{"allow":["GET"]}}],"collection":[{"href":"https:\/\/tcm-jaccard.ch\/fr\/wp-json\/wp\/v2\/pages"}],"about":[{"href":"https:\/\/tcm-jaccard.ch\/fr\/wp-json\/wp\/v2\/types\/page"}],"author":[{"embeddable":true,"href":"https:\/\/tcm-jaccard.ch\/fr\/wp-json\/wp\/v2\/users\/1"}],"replies":[{"embeddable":true,"href":"https:\/\/tcm-jaccard.ch\/fr\/wp-json\/wp\/v2\/comments?post=377"}],"version-history":[{"count":0,"href":"https:\/\/tcm-jaccard.ch\/fr\/wp-json\/wp\/v2\/pages\/377\/revisions"}],"wp:attachment":[{"href":"https:\/\/tcm-jaccard.ch\/fr\/wp-json\/wp\/v2\/media?parent=377"}],"curies":[{"name":"wp","href":"https:\/\/api.w.org\/{rel}","templated":true}]}}